{"id":475,"date":"2018-05-10T11:32:20","date_gmt":"2018-05-10T09:32:20","guid":{"rendered":"https:\/\/www.awayfromhome.be\/?page_id=475"},"modified":"2018-05-10T11:32:20","modified_gmt":"2018-05-10T09:32:20","slug":"que-faire-dans-la-region","status":"publish","type":"page","link":"https:\/\/www.awayfromhome.be\/fr\/que-faire-dans-la-region\/","title":{"rendered":"Que faire dans la r\u00e9gion"},"content":{"rendered":"<p>Vous recherchez des activit\u00e9s pour Dochamps?<\/p>\n<p>Sur cette page, vous trouverez tous les sites touristiques de la r\u00e9gion.<\/p>\n<p>Des mus\u00e9es int\u00e9ressants et de belles boutiques aux plus beaux restaurants. Vous pouvez \u00e9galement d\u00e9couvrir des zoos, des parcs d&rsquo;attractions et de nombreux autres lieux d&rsquo;int\u00e9r\u00eat ici.<\/p>\n","protected":false},"excerpt":{"rendered":"<p>Vous recherchez des activit\u00e9s pour Dochamps? Sur cette page, vous trouverez tous les sites touristiques de la r\u00e9gion. Des mus\u00e9es int\u00e9ressants et de belles boutiques aux plus beaux restaurants. Vous pouvez \u00e9galement d\u00e9couvrir des zoos, des parcs d&rsquo;attractions et de nombreux autres lieux d&rsquo;int\u00e9r\u00eat ici.<\/p>\n","protected":false},"author":1,"featured_media":429,"parent":0,"menu_order":0,"comment_status":"closed","ping_status":"closed","template":"","meta":{"jetpack_post_was_ever_published":false,"footnotes":""},"class_list":["post-475","page","type-page","status-publish","has-post-thumbnail","hentry"],"jetpack_sharing_enabled":true,"jetpack_shortlink":"https:\/\/wp.me\/P9Vmra-7F","_links":{"self":[{"href":"https:\/\/www.awayfromhome.be\/fr\/wp-json\/wp\/v2\/pages\/475","targetHints":{"allow":["GET"]}}],"collection":[{"href":"https:\/\/www.awayfromhome.be\/fr\/wp-json\/wp\/v2\/pages"}],"about":[{"href":"https:\/\/www.awayfromhome.be\/fr\/wp-json\/wp\/v2\/types\/page"}],"author":[{"embeddable":true,"href":"https:\/\/www.awayfromhome.be\/fr\/wp-json\/wp\/v2\/users\/1"}],"replies":[{"embeddable":true,"href":"https:\/\/www.awayfromhome.be\/fr\/wp-json\/wp\/v2\/comments?post=475"}],"version-history":[{"count":1,"href":"https:\/\/www.awayfromhome.be\/fr\/wp-json\/wp\/v2\/pages\/475\/revisions"}],"predecessor-version":[{"id":478,"href":"https:\/\/www.awayfromhome.be\/fr\/wp-json\/wp\/v2\/pages\/475\/revisions\/478"}],"wp:featuredmedia":[{"embeddable":true,"href":"https:\/\/www.awayfromhome.be\/fr\/wp-json\/wp\/v2\/media\/429"}],"wp:attachment":[{"href":"https:\/\/www.awayfromhome.be\/fr\/wp-json\/wp\/v2\/media?parent=475"}],"curies":[{"name":"wp","href":"https:\/\/api.w.org\/{rel}","templated":true}]}}