{"id":152,"date":"2018-03-18T13:09:02","date_gmt":"2018-03-18T12:09:02","guid":{"rendered":"https:\/\/www.awayfromhome.be\/?page_id=152"},"modified":"2021-01-15T21:15:59","modified_gmt":"2021-01-15T20:15:59","slug":"homepage","status":"publish","type":"page","link":"https:\/\/www.awayfromhome.be\/fr\/","title":{"rendered":"Bienvenue sur Away from Home"},"content":{"rendered":"<div class=\"oSioSc\">\n<div id=\"tw-target\">\n<div id=\"tw-target-text-container\" class=\"tw-ta-container tw-nfl\">\n<div class=\"oSioSc\">\n<div id=\"tw-target\">\n<div id=\"tw-target-text-container\" class=\"tw-ta-container tw-nfl\">\n<p id=\"tw-target-text\" class=\"tw-data-text tw-ta tw-text-small\" dir=\"ltr\" data-placeholder=\"Traduction\">Notre choix pour les Ardennes \u00e0 \u00e9t\u00e9 motiv\u00e9 par la beaut\u00e9 de la nature et toutes les activit\u00e9s qui s&rsquo;y pr\u00eatent. <span lang=\"fr\">Nos maisons vous offrent tout ce dont vous attendez dans ce coeur vert de la Belgique et id\u00e9ales pour se retrouver en famille ou entre amis. <\/span><\/p>\n<p class=\"tw-data-text tw-ta tw-text-small\" dir=\"ltr\" data-placeholder=\"Traduction\"><span lang=\"fr\">Nous sommes situ\u00e9 dans un petit village typiquement ardennais,&nbsp; entour\u00e9 de for\u00eats, de collines, de vastes p\u00e2turages, de vall\u00e9es verdoyantes, de grottes, de rivi\u00e8res, de ruisseaux et de rochers. Vous m\u00e9ritez un peu de temps dans un sauna confortable pour ainsi \u00e9chapper \u00e0 tous les stress de votre quotidien. Enfilez vos chaussures de randonn\u00e9e et d\u00e9couvrez les espaces naturels de Dochamps et de La Roche en Ardennes.<\/span><\/p>\n<\/div>\n<\/div>\n<\/div>\n<\/div>\n<\/div>\n<\/div>\n<h2>D\u00e9couvrez le charme des Ardennes<\/h2>\n<p id=\"tw-target-text\" class=\"tw-data-text tw-ta tw-text-small\" dir=\"ltr\" data-placeholder=\"Traduction\"><span lang=\"fr\">En s\u00e9journant dans nos maisons, vous serez en plein coeur des Ardennes, id\u00e9alement situ\u00e9 pour un voyage \u00e0 travers la r\u00e9gion. Vous pourrez y d\u00e9couvrir de charmantes fermes, des ch\u00e2teaux et des villages pittoresques. Prenez le temps de vous arr\u00eater dans les villages pour y go\u00fbter l&rsquo;un des produits r\u00e9gionaux tel que le&nbsp; fromage d&rsquo;abbaye ou encore de la bi\u00e8re de brassage locale.<\/span><\/p>\n<h2 id=\"tw-target-text\" class=\"tw-data-text tw-ta tw-text-small\" dir=\"ltr\" data-placeholder=\"Traduction\"><span lang=\"fr\">Avec qui vous lanceriez-vous pour un week-end d\u2019actions dans les Ardennes ?<\/span><\/h2>\n<p class=\"tw-data-text tw-ta tw-text-small\" dir=\"ltr\" data-placeholder=\"Traduction\"><span lang=\"fr\">Un s\u00e9jour dans les Ardennes est bien s\u00fbr id\u00e9al avec un groupe d&rsquo;amis ou en famille. Cuisinez ensemble dans notre chalet et discutez avec un verre de vin autour de la chemin\u00e9e ou du barbecue. Mais aimeriez-vous plus d&rsquo;actions ? Pensez au v\u00e9lo de montagne, au kayak, \u00e0 l&rsquo;escalade et \u00e0 la descente en rappel, \u00e0 la marche, \u00e0 l&rsquo;\u00e9quitation, \u00e0 la sp\u00e9l\u00e9ologie, ou, en hiver, au ski alpin et au ski. Ou prenez le d\u00e9fi pour un \u00abparcours de survie\u00bb avec divers obstacles comme des ponts de corde &#8230; <\/span><\/p>\n<p class=\"tw-data-text tw-ta tw-text-small\" dir=\"ltr\" data-placeholder=\"Traduction\"><span lang=\"fr\">Un \u00e9vantail de possibilit\u00e9s ! Nos maisons de vacances dans les Ardennes offrent quelque chose \u00e0 chaque personne.<\/span><\/p>\n<p>&nbsp;<\/p>\n","protected":false},"excerpt":{"rendered":"<p>Notre choix pour les Ardennes \u00e0 \u00e9t\u00e9 motiv\u00e9 par la beaut\u00e9 de la nature et toutes les activit\u00e9s qui s&rsquo;y pr\u00eatent. Nos maisons vous offrent tout ce dont vous attendez dans ce coeur vert de la Belgique et id\u00e9ales pour se retrouver en famille ou entre amis. Nous sommes situ\u00e9 dans un petit village typiquement [&hellip;]<\/p>\n","protected":false},"author":1,"featured_media":986,"parent":0,"menu_order":0,"comment_status":"closed","ping_status":"closed","template":"","meta":{"jetpack_post_was_ever_published":false,"footnotes":""},"class_list":["post-152","page","type-page","status-publish","has-post-thumbnail","hentry"],"jetpack_sharing_enabled":true,"jetpack_shortlink":"https:\/\/wp.me\/P9Vmra-2s","_links":{"self":[{"href":"https:\/\/www.awayfromhome.be\/fr\/wp-json\/wp\/v2\/pages\/152","targetHints":{"allow":["GET"]}}],"collection":[{"href":"https:\/\/www.awayfromhome.be\/fr\/wp-json\/wp\/v2\/pages"}],"about":[{"href":"https:\/\/www.awayfromhome.be\/fr\/wp-json\/wp\/v2\/types\/page"}],"author":[{"embeddable":true,"href":"https:\/\/www.awayfromhome.be\/fr\/wp-json\/wp\/v2\/users\/1"}],"replies":[{"embeddable":true,"href":"https:\/\/www.awayfromhome.be\/fr\/wp-json\/wp\/v2\/comments?post=152"}],"version-history":[{"count":8,"href":"https:\/\/www.awayfromhome.be\/fr\/wp-json\/wp\/v2\/pages\/152\/revisions"}],"predecessor-version":[{"id":896,"href":"https:\/\/www.awayfromhome.be\/fr\/wp-json\/wp\/v2\/pages\/152\/revisions\/896"}],"wp:featuredmedia":[{"embeddable":true,"href":"https:\/\/www.awayfromhome.be\/fr\/wp-json\/wp\/v2\/media\/986"}],"wp:attachment":[{"href":"https:\/\/www.awayfromhome.be\/fr\/wp-json\/wp\/v2\/media?parent=152"}],"curies":[{"name":"wp","href":"https:\/\/api.w.org\/{rel}","templated":true}]}}