{"id":486,"date":"2018-05-10T11:40:01","date_gmt":"2018-05-10T09:40:01","guid":{"rendered":"https:\/\/www.awayfromhome.be\/?page_id=486"},"modified":"2018-05-10T11:40:01","modified_gmt":"2018-05-10T09:40:01","slug":"was-in-der-gegend-zu-tun-ist","status":"publish","type":"page","link":"https:\/\/www.awayfromhome.be\/de\/was-in-der-gegend-zu-tun-ist\/","title":{"rendered":"Was in der Gegend zu tun ist"},"content":{"rendered":"<p>Suchst du nach etwas, das du in Dochamps machen k\u00f6nntest?<\/p>\n<p>Auf dieser Seite finden Sie alle Sehensw\u00fcrdigkeiten in der Umgebung.<\/p>\n<p>Von interessanten Museen und netten Gesch\u00e4ften bis hin zu den sch\u00f6nsten Restaurants. Sie k\u00f6nnen hier auch Zoos, Vergn\u00fcgungsparks und viele andere interessante Orte entdecken.<\/p>\n","protected":false},"excerpt":{"rendered":"<p>Suchst du nach etwas, das du in Dochamps machen k\u00f6nntest? Auf dieser Seite finden Sie alle Sehensw\u00fcrdigkeiten in der Umgebung. Von interessanten Museen und netten Gesch\u00e4ften bis hin zu den sch\u00f6nsten Restaurants. Sie k\u00f6nnen hier auch Zoos, Vergn\u00fcgungsparks und viele andere interessante Orte entdecken.<\/p>\n","protected":false},"author":1,"featured_media":430,"parent":0,"menu_order":0,"comment_status":"closed","ping_status":"closed","template":"","meta":{"jetpack_post_was_ever_published":false,"footnotes":""},"class_list":["post-486","page","type-page","status-publish","has-post-thumbnail","hentry"],"jetpack_sharing_enabled":true,"jetpack_shortlink":"https:\/\/wp.me\/P9Vmra-7Q","_links":{"self":[{"href":"https:\/\/www.awayfromhome.be\/de\/wp-json\/wp\/v2\/pages\/486","targetHints":{"allow":["GET"]}}],"collection":[{"href":"https:\/\/www.awayfromhome.be\/de\/wp-json\/wp\/v2\/pages"}],"about":[{"href":"https:\/\/www.awayfromhome.be\/de\/wp-json\/wp\/v2\/types\/page"}],"author":[{"embeddable":true,"href":"https:\/\/www.awayfromhome.be\/de\/wp-json\/wp\/v2\/users\/1"}],"replies":[{"embeddable":true,"href":"https:\/\/www.awayfromhome.be\/de\/wp-json\/wp\/v2\/comments?post=486"}],"version-history":[{"count":1,"href":"https:\/\/www.awayfromhome.be\/de\/wp-json\/wp\/v2\/pages\/486\/revisions"}],"predecessor-version":[{"id":491,"href":"https:\/\/www.awayfromhome.be\/de\/wp-json\/wp\/v2\/pages\/486\/revisions\/491"}],"wp:featuredmedia":[{"embeddable":true,"href":"https:\/\/www.awayfromhome.be\/de\/wp-json\/wp\/v2\/media\/430"}],"wp:attachment":[{"href":"https:\/\/www.awayfromhome.be\/de\/wp-json\/wp\/v2\/media?parent=486"}],"curies":[{"name":"wp","href":"https:\/\/api.w.org\/{rel}","templated":true}]}}