{"id":154,"date":"2018-03-18T13:09:16","date_gmt":"2018-03-18T12:09:16","guid":{"rendered":"https:\/\/www.awayfromhome.be\/?page_id=154"},"modified":"2021-01-15T21:19:40","modified_gmt":"2021-01-15T20:19:40","slug":"homepage","status":"publish","type":"page","link":"https:\/\/www.awayfromhome.be\/de\/","title":{"rendered":"Herzlich Willkommen bei Away from Home"},"content":{"rendered":"<p>Wir haben eine Leidenschaft f\u00fcr die Ardennen und unsere H\u00e4user bieten Ihnen alles, was Sie von diesem gr\u00fcnen Herzen Belgiens erwarten. In einem typischen kleinen Ardenner Dorf gelegen, sind unsere H\u00e4user ein idealer Ort, um mit Familie oder Freunden zusammen zu kommen.<\/p>\n<p>In der Umgebung finden Sie W\u00e4lder, H\u00fcgel, weite Weiden, gr\u00fcne T\u00e4ler, H\u00f6hlen, Fl\u00fcsse, pl\u00e4tschernde B\u00e4che und grobe Felsen. Sie verdienen etwas Zeit in einer gem\u00fctlichen Sauna oder Whirlpool und entkommen all dem Stress von Zuhause. Ziehen Sie Ihre Wanderschuhe an und entdecken Sie die Naturgebiete in und um Dochamps und La Roche en Ardennes.<\/p>\n<h2>Entdecken Sie den Charme der Ardennen<\/h2>\n<p>Mit dem Aufenthalt in unseren H\u00e4usern befinden Sie sich mitten im Herzen der Ardennen, perfekt gelegen f\u00fcr eine Reise durch die Region. Sie k\u00f6nnen an Bauernh\u00f6fen, Schl\u00f6ssern und malerischen D\u00f6rfern vorbei fahren. Vergessen Sie nicht, von Zeit zu Zeit in einem der D\u00f6rfer Halt zu machen, um eines der regionalen Produkte wie Abteik\u00e4se oder Bier der lokalen Brauereien zu probieren.<\/p>\n<h2>Wer fordert dich zu einem aktiven Wochenende in den Ardennen heraus?<\/h2>\n<p>Ein Aufenthalt in den Ardennen ist nat\u00fcrlich ideal, um dies mit einer Gruppe von Freunden oder Familie zu tun. Kochen Sie gemeinsam in unserem Ferienhaus und unterhalten Sie sich mit einem Glas Wein am Kamin oder Grill. Aber m\u00f6chten Sie mehr Action? Denken Sie an Mountainbiken, Kajak, Klettern &amp; Abseilen, Wandern, Reiten, H\u00f6hlen erkunden oder &#8211; im Winter &#8211; sogar Langlaufen und Skifahren. Oder fordern Sie sich zu einem &#8222;\u00dcberlebensparcours&#8220; mit verschiedenen Hindernissen wie Seilbr\u00fccken heraus &#8230; Es gibt so viele M\u00f6glichkeiten!<\/p>\n<p>Unsere Ferienh\u00e4user in den Ardennen bieten f\u00fcr jeden etwas.<\/p>\n","protected":false},"excerpt":{"rendered":"<p>Wir haben eine Leidenschaft f\u00fcr die Ardennen und unsere H\u00e4user bieten Ihnen alles, was Sie von diesem gr\u00fcnen Herzen Belgiens erwarten. In einem typischen kleinen Ardenner Dorf gelegen, sind unsere H\u00e4user ein idealer Ort, um mit Familie oder Freunden zusammen zu kommen. In der Umgebung finden Sie W\u00e4lder, H\u00fcgel, weite Weiden, gr\u00fcne T\u00e4ler, H\u00f6hlen, Fl\u00fcsse, [&hellip;]<\/p>\n","protected":false},"author":1,"featured_media":987,"parent":0,"menu_order":0,"comment_status":"closed","ping_status":"closed","template":"","meta":{"jetpack_post_was_ever_published":false,"footnotes":""},"class_list":["post-154","page","type-page","status-publish","has-post-thumbnail","hentry"],"jetpack_sharing_enabled":true,"jetpack_shortlink":"https:\/\/wp.me\/P9Vmra-2u","_links":{"self":[{"href":"https:\/\/www.awayfromhome.be\/de\/wp-json\/wp\/v2\/pages\/154","targetHints":{"allow":["GET"]}}],"collection":[{"href":"https:\/\/www.awayfromhome.be\/de\/wp-json\/wp\/v2\/pages"}],"about":[{"href":"https:\/\/www.awayfromhome.be\/de\/wp-json\/wp\/v2\/types\/page"}],"author":[{"embeddable":true,"href":"https:\/\/www.awayfromhome.be\/de\/wp-json\/wp\/v2\/users\/1"}],"replies":[{"embeddable":true,"href":"https:\/\/www.awayfromhome.be\/de\/wp-json\/wp\/v2\/comments?post=154"}],"version-history":[{"count":3,"href":"https:\/\/www.awayfromhome.be\/de\/wp-json\/wp\/v2\/pages\/154\/revisions"}],"predecessor-version":[{"id":898,"href":"https:\/\/www.awayfromhome.be\/de\/wp-json\/wp\/v2\/pages\/154\/revisions\/898"}],"wp:featuredmedia":[{"embeddable":true,"href":"https:\/\/www.awayfromhome.be\/de\/wp-json\/wp\/v2\/media\/987"}],"wp:attachment":[{"href":"https:\/\/www.awayfromhome.be\/de\/wp-json\/wp\/v2\/media?parent=154"}],"curies":[{"name":"wp","href":"https:\/\/api.w.org\/{rel}","templated":true}]}}